{"id":408,"date":"2016-03-04T10:20:19","date_gmt":"2016-03-04T10:20:19","guid":{"rendered":"http:\/\/stockholm4.select-themes.com\/?page_id=4"},"modified":"2016-03-04T10:20:19","modified_gmt":"2016-03-04T10:20:19","slug":"accueil","status":"publish","type":"page","link":"https:\/\/epicconstruction.ca\/","title":{"rendered":"Accueil"},"content":{"rendered":"<div class=\"wpb-content-wrapper\"><p>[vc_row row_type=\u00a0\u00bbrow\u00a0\u00bb use_row_as_full_screen_section=\u00a0\u00bbyes\u00a0\u00bb type=\u00a0\u00bbfull_width\u00a0\u00bb text_align=\u00a0\u00bbleft\u00a0\u00bb background_animation=\u00a0\u00bbnone\u00a0\u00bb side_padding=\u00a0\u00bb0&Prime; padding_top=\u00a0\u00bb10&Prime; css_animation=\u00a0\u00bbelement_from_bottom\u00a0\u00bb el_id=\u00a0\u00bbapropos\u00a0\u00bb][vc_column][vc_empty_space height=\u00a0\u00bb100px\u00a0\u00bb el_class=\u00a0\u00bbemptyspace\u00a0\u00bb][vc_row_inner row_type=\u00a0\u00bbrow\u00a0\u00bb type=\u00a0\u00bbgrid\u00a0\u00bb use_row_as_full_screen_section_slide=\u00a0\u00bbno\u00a0\u00bb text_align=\u00a0\u00bbleft\u00a0\u00bb css_animation=\u00a0\u00bb\u00a0\u00bb][vc_column_inner offset=\u00a0\u00bbvc_col-md-6&Prime;][vc_column_text]<\/p>\n<h4><strong>Entreprise sp\u00e9cialis\u00e9e en<br \/>\n<span style=\"color: #ffbf3b;\">CONSTRUCTION<\/span> et <span style=\"color: #ffbf3b;\">R\u00c9NOVATION<br \/>\n<\/span>de b\u00e2timents r\u00e9sidentiels et commerciaux dans la <span style=\"color: #ffbf3b;\">R\u00c9GION DE QU\u00c9BEC<\/span><\/strong><\/h4>\n<p>[\/vc_column_text][vc_empty_space height=\u00a0\u00bb15px\u00a0\u00bb][vc_single_image image=\u00a0\u00bb638&Prime; img_size=\u00a0\u00bbfull\u00a0\u00bb onclick=\u00a0\u00bbcustom_link\u00a0\u00bb img_link_target=\u00a0\u00bb_blank\u00a0\u00bb qode_css_animation=\u00a0\u00bbelement_from_fade\u00a0\u00bb link=\u00a0\u00bbhttps:\/\/www.apchq.com\/\u00a0\u00bb][vc_empty_space height=\u00a0\u00bb30px\u00a0\u00bb][\/vc_column_inner][vc_column_inner offset=\u00a0\u00bbvc_col-md-6&Prime;][vc_column_text]<\/p>\n<h5>Les valeurs et les objectifs de l\u2019entreprise sont d\u2019offrir un produit d\u2019une qualit\u00e9 irr\u00e9prochable, qui r\u00e9pond enti\u00e8rement aux attentes des clients, tout en respectant les normes en vigueur, les r\u00e8glements municipaux de la localit\u00e9, l\u2019\u00e9ch\u00e9ancier et le budget. Certifi\u00e9e <span style=\"color: #ffbf3b;\"><a style=\"color: #ffbf3b;\" href=\"https:\/\/www.apchq.com\/\" target=\"_blank\" rel=\"noopener noreferrer\">APCHQ<\/a><\/span>, l\u2019entreprise r\u00e9pond aux exigences du nouveau programme de certification pour les entrepreneurs.<\/h5>\n<p>&nbsp;<\/p>\n<h5>Faites confiance \u00e0 l\u2019\u00e9quipe d\u2019Epic construction pour la r\u00e9alisation de vos petits et grands travaux.<\/h5>\n<p>[\/vc_column_text][vc_empty_space height=\u00a0\u00bb30px\u00a0\u00bb][\/vc_column_inner][\/vc_row_inner][vc_empty_space height=\u00a0\u00bb70px\u00a0\u00bb][\/vc_column][\/vc_row][vc_row row_type=\u00a0\u00bbrow\u00a0\u00bb use_row_as_full_screen_section=\u00a0\u00bbno\u00a0\u00bb type=\u00a0\u00bbgrid\u00a0\u00bb text_align=\u00a0\u00bbleft\u00a0\u00bb background_image=\u00a0\u00bb611&Prime; background_animation=\u00a0\u00bbnone\u00a0\u00bb padding_bottom=\u00a0\u00bb100&Prime; css_animation=\u00a0\u00bbelement_from_bottom\u00a0\u00bb el_id=\u00a0\u00bbservices\u00a0\u00bb css=\u00a0\u00bb.vc_custom_1588167311699{padding-top: 50px !important;}\u00a0\u00bb][vc_column][vc_row_inner row_type=\u00a0\u00bbrow\u00a0\u00bb type=\u00a0\u00bbfull_width\u00a0\u00bb use_row_as_full_screen_section_slide=\u00a0\u00bbno\u00a0\u00bb text_align=\u00a0\u00bbleft\u00a0\u00bb padding_bottom=\u00a0\u00bb65&Prime; css_animation=\u00a0\u00bb\u00a0\u00bb css=\u00a0\u00bb.vc_custom_1588133834701{background-color: rgba(255,255,255,0.75) !important;*background-color: rgb(255,255,255) !important;}\u00a0\u00bb][vc_column_inner width=\u00a0\u00bb1\/2&Prime; css=\u00a0\u00bb.vc_custom_1588131571096{padding-bottom: 30px !important;padding-left: 30px !important;background-color: rgba(255,255,255,0.75) !important;*background-color: rgb(255,255,255) !important;}\u00a0\u00bb][vc_column_text css=\u00a0\u00bb.vc_custom_1588595827259{background-color: rgba(255,255,255,0.75) !important;*background-color: rgb(255,255,255) !important;}\u00a0\u00bb]<\/p>\n<h4><strong><span style=\"color: #ffbf3b;\">CONSTRUCTION<\/span> NEUVE<\/strong><\/h4>\n<p>&nbsp;<\/p>\n<h5 style=\"color: #5d5d5d;\">Epic construction vous offre une expertise compl\u00e8te et un service cl\u00e9 en main pour la r\u00e9alisation de vos projets commerciaux ou r\u00e9sidentiels.<\/h5>\n<p>&nbsp;<\/p>\n<h5 style=\"color: #5d5d5d;\">La collaboration et la communication \u00e9tant la cl\u00e9 dans ce type de projet, notre \u00e9quipe professionnelle a \u00e0 c\u0153ur votre satisfaction et s\u2019assurera d\u2019un produit fini impeccable qui respecte les normes de qualit\u00e9, vos demandes et votre budget.<\/h5>\n<p>[\/vc_column_text][\/vc_column_inner][vc_column_inner width=\u00a0\u00bb1\/2&Prime; css=\u00a0\u00bb.vc_custom_1588132998200{padding-bottom: 30px !important;padding-left: 30px !important;background-color: rgba(255,255,255,0.75) !important;*background-color: rgb(255,255,255) !important;}\u00a0\u00bb][vc_column_text css=\u00a0\u00bb.vc_custom_1588595866080{background-color: rgba(255,255,255,0.75) !important;*background-color: rgb(255,255,255) !important;}\u00a0\u00bb]<\/p>\n<h4><strong>AGRANDISSEMENT<\/strong><\/h4>\n<p>&nbsp;<\/p>\n<h5 style=\"color: #5d5d5d;\">Vous d\u00e9sirez agrandir votre r\u00e9sidence actuelle par l\u2019ajout d\u2019un garage, d\u2019une pi\u00e8ce suppl\u00e9mentaire, d\u2019un solarium ou d\u2019un deuxi\u00e8me \u00e9tage complet, ou m\u00eame transformer votre maison en big\u00e9n\u00e9ration ?<\/h5>\n<p>&nbsp;<\/p>\n<h5 style=\"color: #5d5d5d;\">Nous sommes \u00e0 l\u2019\u00e9coute de vos besoins et pr\u00eats \u00e0 vous proposer des solutions adapt\u00e9es \u00e0 vos petits ou grands projets !<\/h5>\n<p>[\/vc_column_text][\/vc_column_inner][\/vc_row_inner][vc_row_inner row_type=\u00a0\u00bbrow\u00a0\u00bb type=\u00a0\u00bbfull_width\u00a0\u00bb use_row_as_full_screen_section_slide=\u00a0\u00bbno\u00a0\u00bb text_align=\u00a0\u00bbleft\u00a0\u00bb css_animation=\u00a0\u00bb\u00a0\u00bb css=\u00a0\u00bb.vc_custom_1588600198581{background-color: rgba(255,255,255,0.75) !important;*background-color: rgb(255,255,255) !important;}\u00a0\u00bb][vc_column_inner width=\u00a0\u00bb1\/2&Prime; css=\u00a0\u00bb.vc_custom_1588131571096{padding-bottom: 30px !important;padding-left: 30px !important;background-color: rgba(255,255,255,0.75) !important;*background-color: rgb(255,255,255) !important;}\u00a0\u00bb][vc_column_text css=\u00a0\u00bb.vc_custom_1588600192275{background-color: rgba(255,255,255,0.75) !important;*background-color: rgb(255,255,255) !important;}\u00a0\u00bb]<\/p>\n<h4><strong><span style=\"color: #ffbf3b;\">R\u00c9NOVATION<\/span> R\u00c9SIDENTIELLE<\/strong><\/h4>\n<p>&nbsp;<\/p>\n<h5 style=\"color: #5d5d5d;\">Donnez une seconde vie \u00e0 vos pi\u00e8ces avec nos services professionnels en r\u00e9novation.<\/h5>\n<p>&nbsp;<\/p>\n<h5 style=\"color: #5d5d5d;\">Que ce soit la r\u00e9novation de la salle de bain, le r\u00e9am\u00e9nagement du sous-sol ou pour cr\u00e9er un espace \u00e0 aire ouverte de la cuisine au salon, nous offrons un service complet, de la conception \u00e0 la r\u00e9alisation, vous permettant d\u2019am\u00e9liorer le confort de votre quotidien.<\/h5>\n<p>[\/vc_column_text][\/vc_column_inner][vc_column_inner width=\u00a0\u00bb1\/2&Prime; css=\u00a0\u00bb.vc_custom_1588132998200{padding-bottom: 30px !important;padding-left: 30px !important;background-color: rgba(255,255,255,0.75) !important;*background-color: rgb(255,255,255) !important;}\u00a0\u00bb][vc_column_text css=\u00a0\u00bb.vc_custom_1588600184526{background-color: rgba(255,255,255,0.75) !important;*background-color: rgb(255,255,255) !important;}\u00a0\u00bb]<\/p>\n<h4><strong><span style=\"color: #ffbf3b;\">R\u00c9NOVATION<\/span> COMMERCIALE<\/strong><\/h4>\n<p>&nbsp;<\/p>\n<h5 style=\"color: #5d5d5d;\">Vous voulez simplement r\u00e9am\u00e9nager vos bureaux, r\u00e9nover votre commerce en lui donnant un coup de jeunesse ou transformer vos locaux commerciaux en boutique ou restaurant ?<\/h5>\n<p>&nbsp;<\/p>\n<h5 style=\"color: #5d5d5d;\">Epic construction vous assure un service de gestion de projet irr\u00e9prochable et une r\u00e9alisation qui mise sur la qualit\u00e9 tout en respectant budget et \u00e9ch\u00e9ancier.<\/h5>\n<p>[\/vc_column_text][\/vc_column_inner][\/vc_row_inner][vc_empty_space][vc_row_inner row_type=\u00a0\u00bbrow\u00a0\u00bb type=\u00a0\u00bbfull_width\u00a0\u00bb use_row_as_full_screen_section_slide=\u00a0\u00bbno\u00a0\u00bb text_align=\u00a0\u00bbcenter\u00a0\u00bb css_animation=\u00a0\u00bb\u00a0\u00bb][vc_column_inner]<a href=\"#realisations\" target=\"_self\"  class=\"qbutton  big_large\" style=\"font-style: normal; margin: 0 0 0 0; border-radius: 30px;-moz-border-radius: 30px;-webkit-border-radius: 30px; \">Voir nos r\u00e9alisations<\/a>[\/vc_column_inner][\/vc_row_inner][\/vc_column][\/vc_row][vc_row row_type=\u00a0\u00bbrow\u00a0\u00bb use_row_as_full_screen_section=\u00a0\u00bbno\u00a0\u00bb type=\u00a0\u00bbfull_width\u00a0\u00bb text_align=\u00a0\u00bbleft\u00a0\u00bb background_animation=\u00a0\u00bbfrom-left\u00a0\u00bb side_padding=\u00a0\u00bb100&Prime; padding_top=\u00a0\u00bb50&Prime; padding_bottom=\u00a0\u00bb50&Prime; css_animation=\u00a0\u00bbelement_from_bottom\u00a0\u00bb el_id=\u00a0\u00bbrealisations\u00a0\u00bb][vc_column width=\u00a0\u00bb1\/2&Prime; el_class=\u00a0\u00bb.text-middle\u00a0\u00bb offset=\u00a0\u00bbvc_col-xs-12&Prime;][vc_column_text]<\/p>\n<h4><strong>NOS R\u00c9ALISATIONS <span style=\"color: #ffbf3b;\">R\u00c9SIDENTIELLES<\/span><\/strong><\/h4>\n<p>[\/vc_column_text][vc_empty_space][vc_gallery type=\u00a0\u00bbimage_grid\u00a0\u00bb images=\u00a0\u00bb480,481,486,485,484,483,482,487,501,500,499,498,496,494,495,492,493,488,502,503,490,491,635,636&Prime; column_number=\u00a0\u00bb4&Prime; grayscale=\u00a0\u00bbno\u00a0\u00bb space_between_images=\u00a0\u00bbyes\u00a0\u00bb][vc_empty_space][\/vc_column][vc_column width=\u00a0\u00bb1\/2&Prime;][vc_column_text]<\/p>\n<h4><strong>NOS R\u00c9ALISATIONS <span style=\"color: #ffbf3b;\">COMMERCIALES<\/span><\/strong><\/h4>\n<p>[\/vc_column_text][vc_empty_space][vc_gallery type=\u00a0\u00bbimage_grid\u00a0\u00bb images=\u00a0\u00bb577,576,581,579,585,583,587,640,641&Prime; column_number=\u00a0\u00bb4&Prime; grayscale=\u00a0\u00bbno\u00a0\u00bb space_between_images=\u00a0\u00bbyes\u00a0\u00bb][vc_empty_space][\/vc_column][\/vc_row][vc_row row_type=\u00a0\u00bbrow\u00a0\u00bb use_row_as_full_screen_section=\u00a0\u00bbno\u00a0\u00bb type=\u00a0\u00bbfull_width\u00a0\u00bb text_align=\u00a0\u00bbleft\u00a0\u00bb background_animation=\u00a0\u00bbnone\u00a0\u00bb css_animation=\u00a0\u00bb\u00a0\u00bb el_id=\u00a0\u00bbequipe\u00a0\u00bb][vc_column][vc_empty_space height=\u00a0\u00bb65px\u00a0\u00bb][\/vc_column][\/vc_row][vc_row row_type=\u00a0\u00bbrow\u00a0\u00bb use_row_as_full_screen_section=\u00a0\u00bbno\u00a0\u00bb type=\u00a0\u00bbgrid\u00a0\u00bb text_align=\u00a0\u00bbcenter\u00a0\u00bb background_animation=\u00a0\u00bbnone\u00a0\u00bb padding_bottom=\u00a0\u00bb-3&Prime; css_animation=\u00a0\u00bbelement_from_bottom\u00a0\u00bb background_color=\u00a0\u00bb#000000&Prime;][vc_column][vc_empty_space height=\u00a0\u00bb100px\u00a0\u00bb el_class=\u00a0\u00bbhalf-space\u00a0\u00bb][vc_column_text el_class=\u00a0\u00bbtitre-equipe\u00a0\u00bb]<\/p>\n<h2 style=\"color: #fff;\">Notre \u00e9quipe<\/h2>\n<h1 style=\"color: #ffbf3b;\">TALENTUEUSE<\/h1>\n<p>[\/vc_column_text][vc_empty_space height=\u00a0\u00bb30px\u00a0\u00bb][vc_column_text]<\/p>\n<h4 style=\"font-size: 20px; line-height: 1.2em;\">Entrepreneurs g\u00e9n\u00e9raux depuis 2009, Jonathan et Marc-Andr\u00e9 ont r\u00e9alis\u00e9 au fil du temps une grande vari\u00e9t\u00e9 de projets, ce qui leur permet de mettre en application leur expertise pour tout type de travaux.<\/h4>\n<p>[\/vc_column_text][vc_empty_space height=\u00a0\u00bb60px\u00a0\u00bb][vc_single_image image=\u00a0\u00bb631&Prime; img_size=\u00a0\u00bb800&#215;510&Prime; alignment=\u00a0\u00bbcenter\u00a0\u00bb qode_css_animation=\u00a0\u00bb\u00a0\u00bb][\/vc_column][\/vc_row][vc_row row_type=\u00a0\u00bbrow\u00a0\u00bb use_row_as_full_screen_section=\u00a0\u00bbno\u00a0\u00bb type=\u00a0\u00bbfull_width\u00a0\u00bb text_align=\u00a0\u00bbleft\u00a0\u00bb background_animation=\u00a0\u00bbnone\u00a0\u00bb css_animation=\u00a0\u00bb\u00a0\u00bb][vc_column][vc_empty_space height=\u00a0\u00bb100px\u00a0\u00bb el_class=\u00a0\u00bbhalf-space\u00a0\u00bb][\/vc_column][\/vc_row][vc_row row_type=\u00a0\u00bbrow\u00a0\u00bb use_row_as_full_screen_section=\u00a0\u00bbno\u00a0\u00bb type=\u00a0\u00bbgrid\u00a0\u00bb text_align=\u00a0\u00bbleft\u00a0\u00bb background_animation=\u00a0\u00bbnone\u00a0\u00bb padding_bottom=\u00a0\u00bb96&Prime; css_animation=\u00a0\u00bbelement_from_bottom\u00a0\u00bb el_id=\u00a0\u00bbjoindre\u00a0\u00bb][vc_column width=\u00a0\u00bb1\/4&Prime; offset=\u00a0\u00bbvc_col-md-6&Prime;][vc_column_text]<\/p>\n<h2>Contactez-nous<\/h2>\n<h1 style=\"color: #ffbf3b;\">ESTIMATION<\/h1>\n<p>[\/vc_column_text][\/vc_column][vc_column width=\u00a0\u00bb3\/4&Prime; offset=\u00a0\u00bbvc_col-md-6&Prime;][vc_row_inner row_type=\u00a0\u00bbrow\u00a0\u00bb type=\u00a0\u00bbfull_width\u00a0\u00bb use_row_as_full_screen_section_slide=\u00a0\u00bbno\u00a0\u00bb text_align=\u00a0\u00bbleft\u00a0\u00bb padding_top=\u00a0\u00bb-15&Prime; padding_bottom=\u00a0\u00bb0&Prime; css_animation=\u00a0\u00bb\u00a0\u00bb][vc_column_inner][contact-form-7 id=\u00a0\u00bb99&Prime; html_class=\u00a0\u00bbdefault\u00a0\u00bb][\/vc_column_inner][\/vc_row_inner][vc_empty_space height=\u00a0\u00bb30px\u00a0\u00bb][\/vc_column][\/vc_row]<\/p>\n<\/div>","protected":false},"excerpt":{"rendered":"<p>[vc_row row_type=\u00a0\u00bbrow\u00a0\u00bb use_row_as_full_screen_section=\u00a0\u00bbyes\u00a0\u00bb type=\u00a0\u00bbfull_width\u00a0\u00bb text_align=\u00a0\u00bbleft\u00a0\u00bb background_animation=\u00a0\u00bbnone\u00a0\u00bb side_padding=\u00a0\u00bb0&Prime; padding_top=\u00a0\u00bb10&Prime; css_animation=\u00a0\u00bbelement_from_bottom\u00a0\u00bb el_id=\u00a0\u00bbapropos\u00a0\u00bb][vc_column][vc_empty_space height=\u00a0\u00bb100px\u00a0\u00bb el_class=\u00a0\u00bbemptyspace\u00a0\u00bb][vc_row_inner row_type=\u00a0\u00bbrow\u00a0\u00bb type=\u00a0\u00bbgrid\u00a0\u00bb use_row_as_full_screen_section_slide=\u00a0\u00bbno\u00a0\u00bb text_align=\u00a0\u00bbleft\u00a0\u00bb css_animation=\u00a0\u00bb\u00a0\u00bb][vc_column_inner offset=\u00a0\u00bbvc_col-md-6&Prime;][vc_column_text] Entreprise sp\u00e9cialis\u00e9e en CONSTRUCTION et R\u00c9NOVATION de b\u00e2timents r\u00e9sidentiels et commerciaux dans la R\u00c9GION DE QU\u00c9BEC [\/vc_column_text][vc_empty_space height=\u00a0\u00bb15px\u00a0\u00bb][vc_single_image image=\u00a0\u00bb638&Prime; img_size=\u00a0\u00bbfull\u00a0\u00bb onclick=\u00a0\u00bbcustom_link\u00a0\u00bb img_link_target=\u00a0\u00bb_blank\u00a0\u00bb qode_css_animation=\u00a0\u00bbelement_from_fade\u00a0\u00bb link=\u00a0\u00bbhttps:\/\/www.apchq.com\/\u00a0\u00bb][vc_empty_space height=\u00a0\u00bb30px\u00a0\u00bb][\/vc_column_inner][vc_column_inner offset=\u00a0\u00bbvc_col-md-6&Prime;][vc_column_text] Les&#8230;<\/p>\n","protected":false},"author":1,"featured_media":0,"parent":0,"menu_order":0,"comment_status":"closed","ping_status":"closed","template":"full_width.php","meta":{"footnotes":""},"class_list":["post-408","page","type-page","status-publish","hentry"],"_links":{"self":[{"href":"https:\/\/epicconstruction.ca\/index.php?rest_route=\/wp\/v2\/pages\/408","targetHints":{"allow":["GET"]}}],"collection":[{"href":"https:\/\/epicconstruction.ca\/index.php?rest_route=\/wp\/v2\/pages"}],"about":[{"href":"https:\/\/epicconstruction.ca\/index.php?rest_route=\/wp\/v2\/types\/page"}],"author":[{"embeddable":true,"href":"https:\/\/epicconstruction.ca\/index.php?rest_route=\/wp\/v2\/users\/1"}],"replies":[{"embeddable":true,"href":"https:\/\/epicconstruction.ca\/index.php?rest_route=%2Fwp%2Fv2%2Fcomments&post=408"}],"version-history":[{"count":0,"href":"https:\/\/epicconstruction.ca\/index.php?rest_route=\/wp\/v2\/pages\/408\/revisions"}],"wp:attachment":[{"href":"https:\/\/epicconstruction.ca\/index.php?rest_route=%2Fwp%2Fv2%2Fmedia&parent=408"}],"curies":[{"name":"wp","href":"https:\/\/api.w.org\/{rel}","templated":true}]}}